{"id":990,"date":"2022-12-31T15:22:36","date_gmt":"2022-12-31T15:22:36","guid":{"rendered":"https:\/\/remudolaw.com\/karel-remudo\/"},"modified":"2023-03-25T23:38:30","modified_gmt":"2023-03-25T23:38:30","slug":"karel-remudo","status":"publish","type":"page","link":"https:\/\/remudolaw.com\/es\/karel-remudo\/","title":{"rendered":"Karel Remudo"},"content":{"rendered":"\t\t<div data-elementor-type=\"wp-page\" data-elementor-id=\"990\" class=\"elementor elementor-990 elementor-43\">\n\t\t\t\t\t\t\t\t\t<section class=\"elementor-section elementor-top-section elementor-element elementor-element-3936d9e elementor-section-boxed elementor-section-height-default elementor-section-height-default\" data-id=\"3936d9e\" data-element_type=\"section\">\n\t\t\t\t\t\t<div class=\"elementor-container elementor-column-gap-default\">\n\t\t\t\t\t<div class=\"elementor-column elementor-col-50 elementor-top-column elementor-element elementor-element-7234ef8\" data-id=\"7234ef8\" data-element_type=\"column\">\n\t\t\t<div class=\"elementor-widget-wrap elementor-element-populated\">\n\t\t\t\t\t\t\t\t<div class=\"elementor-element elementor-element-4a7db20 elementor-widget elementor-widget-image\" data-id=\"4a7db20\" data-element_type=\"widget\" data-widget_type=\"image.default\">\n\t\t\t\t<div class=\"elementor-widget-container\">\n\t\t\t<style>\/*! elementor - v3.10.0 - 09-01-2023 *\/\n.elementor-widget-image{text-align:center}.elementor-widget-image a{display:inline-block}.elementor-widget-image a img[src$=\".svg\"]{width:48px}.elementor-widget-image img{vertical-align:middle;display:inline-block}<\/style>\t\t\t\t\t\t\t\t\t\t\t\t<img decoding=\"async\" width=\"739\" height=\"1024\" src=\"https:\/\/remudolaw.com\/wp-content\/uploads\/2023\/01\/Bio-Image-5-scaled-1-739x1024.webp\" class=\"attachment-large size-large wp-image-503\" alt=\"\" srcset=\"https:\/\/remudolaw.com\/wp-content\/uploads\/2023\/01\/Bio-Image-5-scaled-1-739x1024.webp 739w, https:\/\/remudolaw.com\/wp-content\/uploads\/2023\/01\/Bio-Image-5-scaled-1-217x300.webp 217w, https:\/\/remudolaw.com\/wp-content\/uploads\/2023\/01\/Bio-Image-5-scaled-1-768x1064.webp 768w, https:\/\/remudolaw.com\/wp-content\/uploads\/2023\/01\/Bio-Image-5-scaled-1-1109x1536.webp 1109w, https:\/\/remudolaw.com\/wp-content\/uploads\/2023\/01\/Bio-Image-5-scaled-1.webp 1386w\" sizes=\"(max-width: 739px) 100vw, 739px\" \/>\t\t\t\t\t\t\t\t\t\t\t\t\t\t\t<\/div>\n\t\t\t\t<\/div>\n\t\t\t\t\t<\/div>\n\t\t<\/div>\n\t\t\t\t<div class=\"elementor-column elementor-col-50 elementor-top-column elementor-element elementor-element-7368fa9\" data-id=\"7368fa9\" data-element_type=\"column\">\n\t\t\t<div class=\"elementor-widget-wrap elementor-element-populated\">\n\t\t\t\t\t\t\t\t<div class=\"elementor-element elementor-element-3638bce elementor-widget elementor-widget-heading\" data-id=\"3638bce\" data-element_type=\"widget\" data-widget_type=\"heading.default\">\n\t\t\t\t<div class=\"elementor-widget-container\">\n\t\t\t<style>\/*! elementor - v3.10.0 - 09-01-2023 *\/\n.elementor-heading-title{padding:0;margin:0;line-height:1}.elementor-widget-heading .elementor-heading-title[class*=elementor-size-]>a{color:inherit;font-size:inherit;line-height:inherit}.elementor-widget-heading .elementor-heading-title.elementor-size-small{font-size:15px}.elementor-widget-heading .elementor-heading-title.elementor-size-medium{font-size:19px}.elementor-widget-heading .elementor-heading-title.elementor-size-large{font-size:29px}.elementor-widget-heading .elementor-heading-title.elementor-size-xl{font-size:39px}.elementor-widget-heading .elementor-heading-title.elementor-size-xxl{font-size:59px}<\/style><h2 class=\"elementor-heading-title elementor-size-default\">KAREL REMUDO<br>\n<p style=\"font-size:30px\">FUNDADOR<span style=\"font-size: 40px; font-style: inherit; background-color: var(--ast-global-color-5);\"><\/span><\/p><\/h2>\t\t<\/div>\n\t\t\t\t<\/div>\n\t\t\t\t<div class=\"elementor-element elementor-element-1500798 elementor-widget elementor-widget-text-editor\" data-id=\"1500798\" data-element_type=\"widget\" data-widget_type=\"text-editor.default\">\n\t\t\t\t<div class=\"elementor-widget-container\">\n\t\t\t<style>\/*! elementor - v3.10.0 - 09-01-2023 *\/\n.elementor-widget-text-editor.elementor-drop-cap-view-stacked .elementor-drop-cap{background-color:#818a91;color:#fff}.elementor-widget-text-editor.elementor-drop-cap-view-framed .elementor-drop-cap{color:#818a91;border:3px solid;background-color:transparent}.elementor-widget-text-editor:not(.elementor-drop-cap-view-default) .elementor-drop-cap{margin-top:8px}.elementor-widget-text-editor:not(.elementor-drop-cap-view-default) .elementor-drop-cap-letter{width:1em;height:1em}.elementor-widget-text-editor .elementor-drop-cap{float:left;text-align:center;line-height:1;font-size:50px}.elementor-widget-text-editor .elementor-drop-cap-letter{display:inline-block}<\/style>\t\t\t\t<div class=\"fl-module fl-module-pp-heading fl-node-dmanvgu39f8t\" data-node=\"dmanvgu39f8t\"><div class=\"fl-module-content fl-node-content\"><div class=\"pp-heading-content\"><div class=\"pp-heading pp-left\"><div id=\"p-info\" class=\"fl-module fl-module-pp-heading fl-node-eglsj7yxwz4a\" data-node=\"eglsj7yxwz4a\"><div class=\"fl-module-content fl-node-content\"><div class=\"pp-heading-content\"><div class=\"pp-sub-heading\"><p data-fontsize=\"17\">Karel Remudo es el fundador de Remudo Law Firm, una firma de abogados boutique en Miami, Florida, que se especializa en casos de muerte causada por infracci\u00f3n ajena, lesiones personales graves, disputas de seguros y litigios comerciales. Altamente respetado por su tenacidad, eficacia y diligencia, Karel Remudo ha dedicado su carrera legal a proteger los derechos de personas y familias en su lucha por obtener justicia.<\/p><\/div><\/div><\/div><\/div><div class=\"fl-module fl-module-rich-text fl-node-ihu1dsg4b95n\" data-node=\"ihu1dsg4b95n\"><div class=\"fl-module-content fl-node-content\"><div class=\"fl-rich-text\"><p data-fontsize=\"18\"><strong>\u201cCuando los que cometen infracciones son obligados a responsabilizarse por las consecuencias de sus infracciones<br>las reglas de seguridad se reafirman y nuestras familias y comunidades est\u00e1n m\u00e1s seguras\u00bb.<\/strong><\/p><\/div><\/div><\/div><div id=\"p-info\" class=\"fl-module fl-module-rich-text fl-node-67gz9xcmyhrk\" data-node=\"67gz9xcmyhrk\"><div class=\"fl-module-content fl-node-content\"><div class=\"fl-rich-text\"><p data-fontsize=\"18\">El Sr. Remudo cree firmemente que \u00abLa seguridad no sucede por accidente\u00bb, y se esfuerza d\u00eda a d\u00eda por crear conciencia sobre las medidas de seguridad y hacer que nuestra comunidad sea m\u00e1s segura protegiendo firmemente los derechos de sus clientes contra aquellos que violan las reglas de seguridad y sus aseguradoras. El Sr. Remudo est\u00e1 comprometido a ayudar a sus clientes a obtener una compensaci\u00f3n justa y total por todos sus da\u00f1os, lo cual \u00e9l considera es crucial para disuadir infracciones y conductas injustas e inaceptables en nuestra sociedad.<\/p><p data-fontsize=\"18\">El Sr. Remudo, es nativo de Cuba y fue criado y educado con los valores del trabajo arduo y la dedicaci\u00f3n. Desde muy joven, asisti\u00f3 a la escuela por la noche mientras trabajaba a tiempo completo durante el d\u00eda en la industria de los seguros para ayudar a mantener a su familia.<\/p><\/div><\/div><\/div><\/div><\/div><\/div><\/div>\t\t\t\t\t\t<\/div>\n\t\t\t\t<\/div>\n\t\t\t\t\t<\/div>\n\t\t<\/div>\n\t\t\t\t\t\t\t<\/div>\n\t\t<\/section>\n\t\t\t\t<section class=\"elementor-section elementor-top-section elementor-element elementor-element-54053f7 elementor-section-full_width elementor-section-height-default elementor-section-height-default\" data-id=\"54053f7\" data-element_type=\"section\" data-settings=\"{&quot;background_background&quot;:&quot;classic&quot;}\">\n\t\t\t\t\t\t<div class=\"elementor-container elementor-column-gap-default\">\n\t\t\t\t\t<div class=\"elementor-column elementor-col-100 elementor-top-column elementor-element elementor-element-a12e825\" data-id=\"a12e825\" data-element_type=\"column\">\n\t\t\t<div class=\"elementor-widget-wrap elementor-element-populated\">\n\t\t\t\t\t\t\t\t<section class=\"elementor-section elementor-inner-section elementor-element elementor-element-6deefca elementor-section-boxed elementor-section-height-default elementor-section-height-default\" data-id=\"6deefca\" data-element_type=\"section\">\n\t\t\t\t\t\t<div class=\"elementor-container elementor-column-gap-default\">\n\t\t\t\t\t<div class=\"elementor-column elementor-col-50 elementor-inner-column elementor-element elementor-element-98be4ec\" data-id=\"98be4ec\" data-element_type=\"column\">\n\t\t\t<div class=\"elementor-widget-wrap elementor-element-populated\">\n\t\t\t\t\t\t\t\t<div class=\"elementor-element elementor-element-d2be2a4 elementor-widget elementor-widget-text-editor\" data-id=\"d2be2a4\" data-element_type=\"widget\" data-widget_type=\"text-editor.default\">\n\t\t\t\t<div class=\"elementor-widget-container\">\n\t\t\t\t\t\t\t<div class=\"fl-module fl-module-rich-text fl-node-3s7ntr0xomu8 text-info\" data-node=\"3s7ntr0xomu8\"><div class=\"fl-module-content fl-node-content\"><div class=\"fl-rich-text\"><div id=\"p-info\" class=\"fl-module fl-module-pp-heading fl-node-eglsj7yxwz4a\" data-node=\"eglsj7yxwz4a\"><div class=\"fl-module-content fl-node-content\"><div class=\"pp-heading-content\"><div class=\"pp-sub-heading\"><div id=\"p-info\" class=\"fl-module fl-module-rich-text fl-node-dh24jnqm9sk0\" data-node=\"dh24jnqm9sk0\"><div class=\"fl-module-content fl-node-content\"><div class=\"fl-rich-text\"><p data-fontsize=\"18\">El Sr. Remudo se gradu\u00f3 con honores de la Universidad Internacional de la Florida (FIU) en Miami, Florida, donde obtuvo su Licenciatura en Administraci\u00f3n de Empresas. Agradecido por la calidad del sistema de educaci\u00f3n p\u00fablica en la Florida, el Sr. Remudo luego ingres\u00f3 al programa nocturno en la Facultad de Derecho de FIU. El Sr. Remudo fue un miembro activo del Equipo de Negociaciones de la FIU y del Equipo de Juicio de la FIU durante la facultad de derecho. El Sr. Remudo compiti\u00f3 con \u00e9xito y represent\u00f3 con orgullo a FIU en competencias regionales y nacionales. El Sr. Remudo obtuvo su t\u00edtulo de Juris Doctor de FIU en el a\u00f1o 2006.<\/p><\/div><\/div><\/div><div class=\"fl-module fl-module-rich-text fl-node-usmer7v1z02h\" data-node=\"usmer7v1z02h\"><div class=\"fl-module-content fl-node-content\"><div class=\"fl-rich-text\"><p data-fontsize=\"18\"><strong>\u201c\u00a1Cada persona merece una oportunidad de luchar por sus derechos! \u201c<\/strong><\/p><\/div><\/div><\/div><\/div><\/div><\/div><\/div><\/div><\/div><\/div>\t\t\t\t\t\t<\/div>\n\t\t\t\t<\/div>\n\t\t\t\t\t<\/div>\n\t\t<\/div>\n\t\t\t\t<div class=\"elementor-column elementor-col-50 elementor-inner-column elementor-element elementor-element-8144a79\" data-id=\"8144a79\" data-element_type=\"column\">\n\t\t\t<div class=\"elementor-widget-wrap elementor-element-populated\">\n\t\t\t\t\t\t\t\t<div class=\"elementor-element elementor-element-e105f56 elementor-widget elementor-widget-text-editor\" data-id=\"e105f56\" data-element_type=\"widget\" data-widget_type=\"text-editor.default\">\n\t\t\t\t<div class=\"elementor-widget-container\">\n\t\t\t\t\t\t\t<div class=\"fl-module fl-module-rich-text fl-node-3s7ntr0xomu8 text-info\" data-node=\"3s7ntr0xomu8\"><div class=\"fl-module-content fl-node-content\"><div class=\"fl-rich-text\">Desde el comienzo de su carrera legal, el Sr. Remudo est\u00e1 comprometido a ayudar a aquellos que no pueden representarse a s\u00ed mismos de manera efectiva. El Sr. Remudo trabaj\u00f3 como ajustador de reclamos manejando varias disputas de seguros durante m\u00e1s de una d\u00e9cada. El Sr. Remudo pudo ver las grandes dificultades que enfrentan las personas y las familias que han sufrido una p\u00e9rdida para proteger y enforzar sus derechos. Particularmente cuando luchan contra entidades poderosas y compa\u00f1\u00edas de seguros con recursos pr\u00e1cticamente ilimitados. Por m\u00e1s de 15 a\u00f1os, el Sr. Remudo se ha dedicado a ayudar a personas y familias a proteger y enforzar sus derechos. A trav\u00e9s de argumentos persuasivos, estrategias detalladas y gran tenacidad en su representaci\u00f3n legal, el Sr. Remudo ha recuperado millones de d\u00f3lares para clientes agraviados. El Sr. Remudo considera que es un privilegio el poder ayudar a alguien necesitado.<\/div><\/div><\/div>\t\t\t\t\t\t<\/div>\n\t\t\t\t<\/div>\n\t\t\t\t\t<\/div>\n\t\t<\/div>\n\t\t\t\t\t\t\t<\/div>\n\t\t<\/section>\n\t\t\t\t\t<\/div>\n\t\t<\/div>\n\t\t\t\t\t\t\t<\/div>\n\t\t<\/section>\n\t\t\t\t<section class=\"elementor-section elementor-top-section elementor-element elementor-element-1b731ed elementor-section-boxed elementor-section-height-default elementor-section-height-default\" data-id=\"1b731ed\" data-element_type=\"section\">\n\t\t\t\t\t\t<div class=\"elementor-container elementor-column-gap-default\">\n\t\t\t\t\t<div class=\"elementor-column elementor-col-50 elementor-top-column elementor-element elementor-element-ab67b84\" data-id=\"ab67b84\" data-element_type=\"column\">\n\t\t\t<div class=\"elementor-widget-wrap elementor-element-populated\">\n\t\t\t\t\t\t\t\t<div class=\"elementor-element elementor-element-fa4c949 elementor-widget elementor-widget-text-editor\" data-id=\"fa4c949\" data-element_type=\"widget\" data-widget_type=\"text-editor.default\">\n\t\t\t\t<div class=\"elementor-widget-container\">\n\t\t\t\t\t\t\t<div class=\"fl-module fl-module-rich-text fl-node-3s7ntr0xomu8 text-info\" data-node=\"3s7ntr0xomu8\"><div class=\"fl-module-content fl-node-content\"><div class=\"fl-rich-text\"><div class=\"fl-module fl-module-rich-text fl-node-2l614zqcsmri\" style=\"word-spacing: 1.6px;\" data-node=\"2l614zqcsmri\"><div class=\"fl-module-content fl-node-content\"><div class=\"fl-rich-text\"><p style=\"font-size: 16px;\" data-fontsize=\"18\"><span style=\"font-weight: bold;\"><em>\u201cSi conoces al enemigo y te conoces a ti mismo, no debes temer el resultado de cien batallas\u201d.<\/em><\/span><br><span style=\"font-weight: bold;\"><em>Sun Tzu, El Arte de la Guerra.<\/em><\/span><\/p><\/div><\/div><\/div><div id=\"p-info\" class=\"fl-module fl-module-rich-text fl-node-ylaxuoz02hd8\" style=\"word-spacing: 1.6px;\" data-node=\"ylaxuoz02hd8\"><div class=\"fl-module-content fl-node-content\"><div class=\"fl-rich-text\"><p style=\"font-size: 16px;\" data-fontsize=\"18\">El conocimiento, las destrezas y las habilidades desarrolladas durante m\u00e1s de una d\u00e9cada mientras trabajaba en la industria de seguros, le dan al Sr. Remudo una ventaja invaluable en su incansable defensa por los derechos de sus clientes. Como litigante experimentado, el Sr. Remudo trabaja arduamente por los derechos de sus clientes y lucha por encontrar oportunidades y soluciones donde otros ven problemas. Con estos principios, el Sr. Remudo ha ayudado a miles de clientes a lograr resultados sobresalientes en casos complejos y desafiantes.<\/p><p style=\"font-size: 16px;\" data-fontsize=\"18\">El Sr. Remudo cree que es un honor ser seleccionado para representar a personas y familias en las luchas y desaf\u00edos que enfrentan despu\u00e9s de un accidente, p\u00e9rdida o cat\u00e1strofe. El Sr. Remudo trata cada caso como una oportunidad \u00fanica para ayudar a alguien necesitado y brindar una representaci\u00f3n legal con tenacidad, compasi\u00f3n y efectividad. El Sr. Remudo est\u00e1 particularmente agradecido por los cientos de clientes que no solo le han confiado sus casos a lo largo de los a\u00f1os, sino que tambien han referido a sus familiares y amigos que necesitan representaci\u00f3n legal. El Sr. Remudo siempre aprecia la oportunidad de reunirse cara a cara con cualquier persona que pueda necesitar sus servicios para una consulta gratuita.<\/p><\/div><\/div><\/div><\/div><\/div><\/div><div class=\"fl-module fl-module-rich-text fl-node-vhj52bmrwukd text-info\" data-node=\"vhj52bmrwukd\"><div class=\"fl-module-content fl-node-content\"> <\/div><\/div>\t\t\t\t\t\t<\/div>\n\t\t\t\t<\/div>\n\t\t\t\t\t<\/div>\n\t\t<\/div>\n\t\t\t\t<div class=\"elementor-column elementor-col-50 elementor-top-column elementor-element elementor-element-a35711e\" data-id=\"a35711e\" data-element_type=\"column\">\n\t\t\t<div class=\"elementor-widget-wrap elementor-element-populated\">\n\t\t\t\t\t\t\t\t<div class=\"elementor-element elementor-element-df0a810 elementor-widget elementor-widget-image\" data-id=\"df0a810\" data-element_type=\"widget\" data-widget_type=\"image.default\">\n\t\t\t\t<div class=\"elementor-widget-container\">\n\t\t\t\t\t\t\t\t\t\t\t\t\t\t\t<img decoding=\"async\" width=\"1024\" height=\"895\" src=\"https:\/\/remudolaw.com\/wp-content\/uploads\/2023\/03\/rectangle-16@3x-1024x895.webp\" class=\"attachment-large size-large wp-image-2277\" alt=\"\" srcset=\"https:\/\/remudolaw.com\/wp-content\/uploads\/2023\/03\/rectangle-16@3x-1024x895.webp 1024w, https:\/\/remudolaw.com\/wp-content\/uploads\/2023\/03\/rectangle-16@3x-300x262.webp 300w, https:\/\/remudolaw.com\/wp-content\/uploads\/2023\/03\/rectangle-16@3x-768x671.webp 768w, https:\/\/remudolaw.com\/wp-content\/uploads\/2023\/03\/rectangle-16@3x-1536x1342.webp 1536w, https:\/\/remudolaw.com\/wp-content\/uploads\/2023\/03\/rectangle-16@3x.webp 1662w\" sizes=\"(max-width: 1024px) 100vw, 1024px\" \/>\t\t\t\t\t\t\t\t\t\t\t\t\t\t\t<\/div>\n\t\t\t\t<\/div>\n\t\t\t\t\t<\/div>\n\t\t<\/div>\n\t\t\t\t\t\t\t<\/div>\n\t\t<\/section>\n\t\t\t\t<section class=\"elementor-section elementor-top-section elementor-element elementor-element-d87fccd elementor-section-full_width elementor-section-height-default elementor-section-height-default\" data-id=\"d87fccd\" data-element_type=\"section\" data-settings=\"{&quot;background_background&quot;:&quot;classic&quot;}\">\n\t\t\t\t\t\t<div class=\"elementor-container elementor-column-gap-default\">\n\t\t\t\t\t<div class=\"elementor-column elementor-col-100 elementor-top-column elementor-element elementor-element-379bed2\" data-id=\"379bed2\" data-element_type=\"column\">\n\t\t\t<div class=\"elementor-widget-wrap elementor-element-populated\">\n\t\t\t\t\t\t\t\t<section class=\"elementor-section elementor-inner-section elementor-element elementor-element-d002082 elementor-section-boxed elementor-section-height-default elementor-section-height-default\" data-id=\"d002082\" data-element_type=\"section\">\n\t\t\t\t\t\t<div class=\"elementor-container elementor-column-gap-default\">\n\t\t\t\t\t<div class=\"elementor-column elementor-col-50 elementor-inner-column elementor-element elementor-element-41940cc\" data-id=\"41940cc\" data-element_type=\"column\">\n\t\t\t<div class=\"elementor-widget-wrap elementor-element-populated\">\n\t\t\t\t\t\t\t\t<div class=\"elementor-element elementor-element-fbf259e elementor-widget elementor-widget-text-editor\" data-id=\"fbf259e\" data-element_type=\"widget\" data-widget_type=\"text-editor.default\">\n\t\t\t\t<div class=\"elementor-widget-container\">\n\t\t\t\t\t\t\t<div id=\"p-info\" class=\"fl-module fl-module-pp-heading fl-node-eglsj7yxwz4a\" data-node=\"eglsj7yxwz4a\"><div class=\"fl-module-content fl-node-content\"><div class=\"pp-heading-content\"><div class=\"pp-sub-heading\"><div class=\"fl-module fl-module-rich-text fl-node-yx7j3rk9mupc fl-visible-desktop-medium\" data-node=\"yx7j3rk9mupc\"><div class=\"fl-module-content fl-node-content\"><div class=\"fl-rich-text\"><p data-fontsize=\"18\"><strong><u>ADMISIONES A LA BARRA<\/u><\/strong><\/p><ul><li data-fontsize=\"18\">Estado de Florida<\/li><li data-fontsize=\"18\">Washington D.C.<\/li><li data-fontsize=\"18\">Tribunal de Distrito de EE. UU., Distrito Sur de Florida<\/li><li data-fontsize=\"18\">Tribunal de Distrito de EE. UU., Distrito Medio de Florida<\/li><li data-fontsize=\"18\">Tribunal de Distrito de EE. UU., Distrito Norte de Florida<\/li><\/ul><\/div><\/div><\/div><\/div><\/div><\/div><\/div>\t\t\t\t\t\t<\/div>\n\t\t\t\t<\/div>\n\t\t\t\t\t<\/div>\n\t\t<\/div>\n\t\t\t\t<div class=\"elementor-column elementor-col-50 elementor-inner-column elementor-element elementor-element-bc112ab\" data-id=\"bc112ab\" data-element_type=\"column\">\n\t\t\t<div class=\"elementor-widget-wrap elementor-element-populated\">\n\t\t\t\t\t\t\t\t<div class=\"elementor-element elementor-element-4097a82 elementor-widget elementor-widget-text-editor\" data-id=\"4097a82\" data-element_type=\"widget\" data-widget_type=\"text-editor.default\">\n\t\t\t\t<div class=\"elementor-widget-container\">\n\t\t\t\t\t\t\t<div id=\"p-info\" class=\"fl-module fl-module-pp-heading fl-node-eglsj7yxwz4a\" data-node=\"eglsj7yxwz4a\"><div class=\"fl-module-content fl-node-content\"><div class=\"pp-heading-content\"><div class=\"pp-sub-heading\"><div class=\"fl-module fl-module-rich-text fl-node-yx7j3rk9mupc fl-visible-desktop-medium\" data-node=\"yx7j3rk9mupc\"><div class=\"fl-module-content fl-node-content\"><div class=\"fl-rich-text\"><p data-fontsize=\"18\"><strong style=\"font-size: 16px;\"><u>ASOCIACIONES PROFESIONALES Y MEMBRES\u00cdAS<\/u><\/strong><\/p><\/div><\/div><\/div><div class=\"fl-module fl-module-rich-text fl-node-k06pht5lymc1 fl-visible-desktop-medium\" data-node=\"k06pht5lymc1\"><div class=\"fl-module-content fl-node-content\"><div class=\"fl-rich-text\"><ul><li data-fontsize=\"18\">Colegio de Abogados de Florida<\/li><li data-fontsize=\"18\">Asociaci\u00f3n de Abogados Litigantes de Miami-Dade<\/li><li data-fontsize=\"18\">Colegio de Abogados Cubano Americano <\/li><li data-fontsize=\"18\">Colegio de Abogados del <span style=\"font-style: inherit; font-weight: inherit; word-spacing: 1.6px;\">Condado de Dade<\/span> <\/li><li data-fontsize=\"18\"><span style=\"font-style: inherit; font-weight: inherit; word-spacing: 1.6px;\">Asociaci\u00f3n de Abogados Hispanos de Miami-Dade<\/span><\/li><\/ul><\/div><\/div><\/div><\/div><\/div><\/div><\/div>\t\t\t\t\t\t<\/div>\n\t\t\t\t<\/div>\n\t\t\t\t\t<\/div>\n\t\t<\/div>\n\t\t\t\t\t\t\t<\/div>\n\t\t<\/section>\n\t\t\t\t\t<\/div>\n\t\t<\/div>\n\t\t\t\t\t\t\t<\/div>\n\t\t<\/section>\n\t\t\t\t\t\t\t<\/div>\n\t\t","protected":false},"excerpt":{"rendered":"<p>KAREL REMUDO FUNDADOR Karel Remudo es el fundador de Remudo Law Firm, una firma de abogados boutique en Miami, Florida, que se especializa en casos de muerte causada por infracci\u00f3n ajena, lesiones personales graves, disputas de seguros y litigios comerciales. Altamente respetado por su tenacidad, eficacia y diligencia, Karel Remudo ha dedicado su carrera legal &hellip;<\/p>\n<p class=\"read-more\"> <a class=\"\" href=\"https:\/\/remudolaw.com\/es\/karel-remudo\/\"> <span class=\"screen-reader-text\">Karel Remudo<\/span> Leer m\u00e1s &raquo;<\/a><\/p>\n","protected":false},"author":1,"featured_media":0,"parent":0,"menu_order":0,"comment_status":"closed","ping_status":"closed","template":"","meta":{"site-sidebar-layout":"no-sidebar","site-content-layout":"page-builder","ast-global-header-display":"","ast-main-header-display":"","ast-hfb-above-header-display":"","ast-hfb-below-header-display":"","ast-hfb-mobile-header-display":"","site-post-title":"disabled","ast-breadcrumbs-content":"","ast-featured-img":"disabled","footer-sml-layout":"","theme-transparent-header-meta":"","adv-header-id-meta":"","stick-header-meta":"","header-above-stick-meta":"","header-main-stick-meta":"","header-below-stick-meta":"","footnotes":""},"class_list":["post-990","page","type-page","status-publish","hentry"],"_links":{"self":[{"href":"https:\/\/remudolaw.com\/es\/wp-json\/wp\/v2\/pages\/990","targetHints":{"allow":["GET"]}}],"collection":[{"href":"https:\/\/remudolaw.com\/es\/wp-json\/wp\/v2\/pages"}],"about":[{"href":"https:\/\/remudolaw.com\/es\/wp-json\/wp\/v2\/types\/page"}],"author":[{"embeddable":true,"href":"https:\/\/remudolaw.com\/es\/wp-json\/wp\/v2\/users\/1"}],"replies":[{"embeddable":true,"href":"https:\/\/remudolaw.com\/es\/wp-json\/wp\/v2\/comments?post=990"}],"version-history":[{"count":13,"href":"https:\/\/remudolaw.com\/es\/wp-json\/wp\/v2\/pages\/990\/revisions"}],"predecessor-version":[{"id":2300,"href":"https:\/\/remudolaw.com\/es\/wp-json\/wp\/v2\/pages\/990\/revisions\/2300"}],"wp:attachment":[{"href":"https:\/\/remudolaw.com\/es\/wp-json\/wp\/v2\/media?parent=990"}],"curies":[{"name":"wp","href":"https:\/\/api.w.org\/{rel}","templated":true}]}}